{"id":1462,"date":"2022-12-05T15:59:28","date_gmt":"2022-12-05T18:59:28","guid":{"rendered":"https:\/\/checkbusiness.com.br\/site\/?page_id=1462"},"modified":"2022-12-16T10:43:28","modified_gmt":"2022-12-16T13:43:28","slug":"suporte","status":"publish","type":"page","link":"https:\/\/checkbusiness.com.br\/site\/suporte\/","title":{"rendered":"Check Business &#8211; Contato Suporte"},"content":{"rendered":"\t\t<div data-elementor-type=\"wp-page\" data-elementor-id=\"1462\" class=\"elementor elementor-1462\" data-elementor-settings=\"[]\">\n\t\t\t\t\t\t\t<div class=\"elementor-section-wrap\">\n\t\t\t\t\t\t\t<section class=\"elementor-section elementor-top-section elementor-element elementor-element-1b8d7757 elementor-section-boxed elementor-section-height-default elementor-section-height-default\" data-id=\"1b8d7757\" data-element_type=\"section\" data-settings=\"{&quot;background_background&quot;:&quot;classic&quot;,&quot;ekit_has_onepagescroll_dot&quot;:&quot;yes&quot;}\">\n\t\t\t\t\t\t<div class=\"elementor-container elementor-column-gap-default\">\n\t\t\t\t\t<div class=\"elementor-column elementor-col-100 elementor-top-column elementor-element elementor-element-79174dcb\" data-id=\"79174dcb\" data-element_type=\"column\">\n\t\t\t<div class=\"elementor-widget-wrap elementor-element-populated\">\n\t\t\t\t\t\t\t\t<section class=\"elementor-section elementor-inner-section elementor-element elementor-element-28ae23d1 elementor-section-boxed elementor-section-height-default elementor-section-height-default\" data-id=\"28ae23d1\" data-element_type=\"section\" data-settings=\"{&quot;ekit_has_onepagescroll_dot&quot;:&quot;yes&quot;}\">\n\t\t\t\t\t\t<div class=\"elementor-container elementor-column-gap-default\">\n\t\t\t\t\t<div class=\"elementor-column elementor-col-33 elementor-inner-column elementor-element elementor-element-16dbe70e\" data-id=\"16dbe70e\" data-element_type=\"column\">\n\t\t\t<div class=\"elementor-widget-wrap\">\n\t\t\t\t\t\t\t\t\t<\/div>\n\t\t<\/div>\n\t\t\t\t<div class=\"elementor-column elementor-col-33 elementor-inner-column elementor-element elementor-element-3dafc659\" data-id=\"3dafc659\" data-element_type=\"column\">\n\t\t\t<div class=\"elementor-widget-wrap elementor-element-populated\">\n\t\t\t\t\t\t\t\t<div class=\"elementor-element elementor-element-51b9a6b9 elementor-widget elementor-widget-heading\" data-id=\"51b9a6b9\" data-element_type=\"widget\" data-settings=\"{&quot;ekit_we_effect_on&quot;:&quot;none&quot;}\" data-widget_type=\"heading.default\">\n\t\t\t\t<div class=\"elementor-widget-container\">\n\t\t\t<h1 class=\"elementor-heading-title elementor-size-default\">Entre em contato<\/h1>\t\t<\/div>\n\t\t\t\t<\/div>\n\t\t\t\t\t<\/div>\n\t\t<\/div>\n\t\t\t\t<div class=\"elementor-column elementor-col-33 elementor-inner-column elementor-element elementor-element-71fd5a34\" data-id=\"71fd5a34\" data-element_type=\"column\">\n\t\t\t<div class=\"elementor-widget-wrap\">\n\t\t\t\t\t\t\t\t\t<\/div>\n\t\t<\/div>\n\t\t\t\t\t\t\t<\/div>\n\t\t<\/section>\n\t\t\t\t<section class=\"elementor-section elementor-inner-section elementor-element elementor-element-6f97c83a elementor-section-boxed elementor-section-height-default elementor-section-height-default\" data-id=\"6f97c83a\" data-element_type=\"section\" data-settings=\"{&quot;ekit_has_onepagescroll_dot&quot;:&quot;yes&quot;}\">\n\t\t\t\t\t\t<div class=\"elementor-container elementor-column-gap-default\">\n\t\t\t\t\t<div class=\"elementor-column elementor-col-33 elementor-inner-column elementor-element elementor-element-2656663a\" data-id=\"2656663a\" data-element_type=\"column\">\n\t\t\t<div class=\"elementor-widget-wrap\">\n\t\t\t\t\t\t\t\t\t<\/div>\n\t\t<\/div>\n\t\t\t\t<div class=\"elementor-column elementor-col-33 elementor-inner-column elementor-element elementor-element-5647706e\" data-id=\"5647706e\" data-element_type=\"column\">\n\t\t\t<div class=\"elementor-widget-wrap elementor-element-populated\">\n\t\t\t\t\t\t\t\t<div class=\"elementor-element elementor-element-23dc3a0d elementor-hidden-desktop elementor-hidden-tablet elementor-hidden-mobile elementor-widget elementor-widget-text-editor\" data-id=\"23dc3a0d\" data-element_type=\"widget\" data-settings=\"{&quot;ekit_we_effect_on&quot;:&quot;none&quot;}\" data-widget_type=\"text-editor.default\">\n\t\t\t\t<div class=\"elementor-widget-container\">\n\t\t\t\t\t\t\t<p>Nosso time de especialistas est\u00e1 a sua disposi\u00e7\u00e3o para esclarecer todas as suas d\u00favidas!<\/p>\t\t\t\t\t\t<\/div>\n\t\t\t\t<\/div>\n\t\t\t\t\t<\/div>\n\t\t<\/div>\n\t\t\t\t<div class=\"elementor-column elementor-col-33 elementor-inner-column elementor-element elementor-element-30bd12f9\" data-id=\"30bd12f9\" data-element_type=\"column\">\n\t\t\t<div class=\"elementor-widget-wrap elementor-element-populated\">\n\t\t\t\t\t\t\t\t<div class=\"elementor-element elementor-element-b42cfb7 elementor-absolute elementor-hidden-mobile elementor-hidden-desktop elementor-hidden-tablet elementor-widget elementor-widget-image\" data-id=\"b42cfb7\" data-element_type=\"widget\" data-settings=\"{&quot;_position&quot;:&quot;absolute&quot;,&quot;ekit_we_effect_on&quot;:&quot;none&quot;}\" data-widget_type=\"image.default\">\n\t\t\t\t<div class=\"elementor-widget-container\">\n\t\t\t\t\t\t\t\t\t\t\t\t\t\t\t<img loading=\"lazy\" decoding=\"async\" width=\"153\" height=\"151\" src=\"https:\/\/checkbusiness.com.br\/site\/wp-content\/uploads\/2022\/07\/digital.png\" class=\"elementor-animation-float attachment-full size-full\" alt=\"\" \/>\t\t\t\t\t\t\t\t\t\t\t\t\t\t\t<\/div>\n\t\t\t\t<\/div>\n\t\t\t\t\t<\/div>\n\t\t<\/div>\n\t\t\t\t\t\t\t<\/div>\n\t\t<\/section>\n\t\t\t\t<section class=\"elementor-section elementor-inner-section elementor-element elementor-element-79646a57 elementor-section-boxed elementor-section-height-default elementor-section-height-default\" data-id=\"79646a57\" data-element_type=\"section\" data-settings=\"{&quot;ekit_has_onepagescroll_dot&quot;:&quot;yes&quot;}\">\n\t\t\t\t\t\t<div class=\"elementor-container elementor-column-gap-default\">\n\t\t\t\t\t<div class=\"elementor-column elementor-col-33 elementor-inner-column elementor-element elementor-element-5a8f5d03\" data-id=\"5a8f5d03\" data-element_type=\"column\">\n\t\t\t<div class=\"elementor-widget-wrap\">\n\t\t\t\t\t\t\t\t\t<\/div>\n\t\t<\/div>\n\t\t\t\t<div class=\"elementor-column elementor-col-33 elementor-inner-column elementor-element elementor-element-34f1c69f\" data-id=\"34f1c69f\" data-element_type=\"column\">\n\t\t\t<div class=\"elementor-widget-wrap elementor-element-populated\">\n\t\t\t\t\t\t\t\t\t<\/div>\n\t\t<\/div>\n\t\t\t\t<div class=\"elementor-column elementor-col-33 elementor-inner-column elementor-element elementor-element-f902aa4\" data-id=\"f902aa4\" data-element_type=\"column\">\n\t\t\t<div class=\"elementor-widget-wrap\">\n\t\t\t\t\t\t\t\t\t<\/div>\n\t\t<\/div>\n\t\t\t\t\t\t\t<\/div>\n\t\t<\/section>\n\t\t\t\t\t<\/div>\n\t\t<\/div>\n\t\t\t\t\t\t\t<\/div>\n\t\t<\/section>\n\t\t\t\t<section class=\"elementor-section elementor-top-section elementor-element elementor-element-5a7221bd elementor-section-boxed elementor-section-height-default elementor-section-height-default\" data-id=\"5a7221bd\" data-element_type=\"section\" data-settings=\"{&quot;ekit_has_onepagescroll_dot&quot;:&quot;yes&quot;}\">\n\t\t\t\t\t\t<div class=\"elementor-container elementor-column-gap-default\">\n\t\t\t\t\t<div class=\"elementor-column elementor-col-100 elementor-top-column elementor-element elementor-element-6ef3387\" data-id=\"6ef3387\" data-element_type=\"column\">\n\t\t\t<div class=\"elementor-widget-wrap elementor-element-populated\">\n\t\t\t\t\t\t\t\t<section class=\"elementor-section elementor-inner-section elementor-element elementor-element-31559f1b elementor-section-boxed elementor-section-height-default elementor-section-height-default\" data-id=\"31559f1b\" data-element_type=\"section\" data-settings=\"{&quot;ekit_has_onepagescroll_dot&quot;:&quot;yes&quot;}\">\n\t\t\t\t\t\t<div class=\"elementor-container elementor-column-gap-default\">\n\t\t\t\t\t<div class=\"elementor-column elementor-col-33 elementor-inner-column elementor-element elementor-element-e9ec16\" data-id=\"e9ec16\" data-element_type=\"column\">\n\t\t\t<div class=\"elementor-widget-wrap\">\n\t\t\t\t\t\t\t\t\t<\/div>\n\t\t<\/div>\n\t\t\t\t<div class=\"elementor-column elementor-col-33 elementor-inner-column elementor-element elementor-element-34b50d86\" data-id=\"34b50d86\" data-element_type=\"column\">\n\t\t\t<div class=\"elementor-widget-wrap elementor-element-populated\">\n\t\t\t\t\t\t\t\t<div class=\"elementor-element elementor-element-84f5236 elementor-widget elementor-widget-text-editor\" data-id=\"84f5236\" data-element_type=\"widget\" data-settings=\"{&quot;ekit_we_effect_on&quot;:&quot;none&quot;}\" data-widget_type=\"text-editor.default\">\n\t\t\t\t<div class=\"elementor-widget-container\">\n\t\t\t\t\t\t\t<p>Suporte<\/p>\t\t\t\t\t\t<\/div>\n\t\t\t\t<\/div>\n\t\t\t\t<div class=\"elementor-element elementor-element-27ea142d elementor-widget elementor-widget-heading\" data-id=\"27ea142d\" data-element_type=\"widget\" data-settings=\"{&quot;ekit_we_effect_on&quot;:&quot;none&quot;}\" data-widget_type=\"heading.default\">\n\t\t\t\t<div class=\"elementor-widget-container\">\n\t\t\t<h2 class=\"elementor-heading-title elementor-size-default\">Fale com o Nosso Time de Especialistas<\/h2>\t\t<\/div>\n\t\t\t\t<\/div>\n\t\t\t\t\t<\/div>\n\t\t<\/div>\n\t\t\t\t<div class=\"elementor-column elementor-col-33 elementor-inner-column elementor-element elementor-element-32e8a708\" data-id=\"32e8a708\" data-element_type=\"column\">\n\t\t\t<div class=\"elementor-widget-wrap\">\n\t\t\t\t\t\t\t\t\t<\/div>\n\t\t<\/div>\n\t\t\t\t\t\t\t<\/div>\n\t\t<\/section>\n\t\t\t\t\t<\/div>\n\t\t<\/div>\n\t\t\t\t\t\t\t<\/div>\n\t\t<\/section>\n\t\t\t\t<section class=\"elementor-section elementor-top-section elementor-element elementor-element-5c2e5dc elementor-section-boxed elementor-section-height-default elementor-section-height-default\" data-id=\"5c2e5dc\" data-element_type=\"section\" data-settings=\"{&quot;ekit_has_onepagescroll_dot&quot;:&quot;yes&quot;}\">\n\t\t\t\t\t\t<div class=\"elementor-container elementor-column-gap-default\">\n\t\t\t\t\t<div class=\"elementor-column elementor-col-100 elementor-top-column elementor-element elementor-element-81343f8\" data-id=\"81343f8\" data-element_type=\"column\">\n\t\t\t<div class=\"elementor-widget-wrap elementor-element-populated\">\n\t\t\t\t\t\t\t\t<section class=\"elementor-section elementor-inner-section elementor-element elementor-element-3507be1 elementor-section-boxed elementor-section-height-default elementor-section-height-default\" data-id=\"3507be1\" data-element_type=\"section\" data-settings=\"{&quot;ekit_has_onepagescroll_dot&quot;:&quot;yes&quot;}\">\n\t\t\t\t\t\t<div class=\"elementor-container elementor-column-gap-default\">\n\t\t\t\t\t<div class=\"elementor-column elementor-col-100 elementor-inner-column elementor-element elementor-element-feae06e\" data-id=\"feae06e\" data-element_type=\"column\">\n\t\t\t<div class=\"elementor-widget-wrap elementor-element-populated\">\n\t\t\t\t\t\t\t\t<div class=\"elementor-element elementor-element-c036e60 elementor-button-align-stretch elementor-widget elementor-widget-form\" data-id=\"c036e60\" data-element_type=\"widget\" data-settings=\"{&quot;step_next_label&quot;:&quot;Next&quot;,&quot;step_previous_label&quot;:&quot;Previous&quot;,&quot;button_width&quot;:&quot;100&quot;,&quot;step_type&quot;:&quot;number_text&quot;,&quot;step_icon_shape&quot;:&quot;circle&quot;,&quot;ekit_we_effect_on&quot;:&quot;none&quot;}\" data-widget_type=\"form.default\">\n\t\t\t\t<div class=\"elementor-widget-container\">\n\t\t\t\t\t<form class=\"elementor-form\" method=\"post\" name=\"New Form\">\n\t\t\t<input type=\"hidden\" name=\"post_id\" value=\"1462\"\/>\n\t\t\t<input type=\"hidden\" name=\"form_id\" value=\"c036e60\"\/>\n\t\t\t<input type=\"hidden\" name=\"referer_title\" value=\"Check Business\" \/>\n\n\t\t\t\n\t\t\t<div class=\"elementor-form-fields-wrapper elementor-labels-above\">\n\t\t\t\t\t\t\t\t<div class=\"elementor-field-type-text elementor-field-group elementor-column elementor-field-group-name elementor-col-100 elementor-field-required elementor-mark-required\">\n\t\t\t\t\t<label for=\"form-field-name\" class=\"elementor-field-label\">Nome<\/label><input size=\"1\" type=\"text\" name=\"form_fields[name]\" id=\"form-field-name\" class=\"elementor-field elementor-size-sm  elementor-field-textual\" required=\"required\" aria-required=\"true\">\t\t\t\t<\/div>\n\t\t\t\t\t\t\t\t<div class=\"elementor-field-type-email elementor-field-group elementor-column elementor-field-group-email elementor-col-100 elementor-field-required elementor-mark-required\">\n\t\t\t\t\t<label for=\"form-field-email\" class=\"elementor-field-label\">Email<\/label><input size=\"1\" type=\"email\" name=\"form_fields[email]\" id=\"form-field-email\" class=\"elementor-field elementor-size-sm  elementor-field-textual\" required=\"required\" aria-required=\"true\">\t\t\t\t<\/div>\n\t\t\t\t\t\t\t\t<div class=\"elementor-field-type-text elementor-field-group elementor-column elementor-field-group-message elementor-col-100 elementor-field-required elementor-mark-required\">\n\t\t\t\t\t<label for=\"form-field-message\" class=\"elementor-field-label\">Celular<\/label><input size=\"1\" type=\"text\" name=\"form_fields[message]\" id=\"form-field-message\" class=\"elementor-field elementor-size-sm  elementor-field-textual\" placeholder=\"(XX) XXXXX-XXXX\" required=\"required\" aria-required=\"true\">\t\t\t\t<\/div>\n\t\t\t\t\t\t\t\t<div class=\"elementor-field-type-text elementor-field-group elementor-column elementor-field-group-field_d918a00 elementor-col-100 elementor-field-required elementor-mark-required\">\n\t\t\t\t\t<label for=\"form-field-field_d918a00\" class=\"elementor-field-label\">Empresa<\/label><input size=\"1\" type=\"text\" name=\"form_fields[field_d918a00]\" id=\"form-field-field_d918a00\" class=\"elementor-field elementor-size-sm  elementor-field-textual\" required=\"required\" aria-required=\"true\">\t\t\t\t<\/div>\n\t\t\t\t\t\t\t\t<div class=\"elementor-field-type-text elementor-field-group elementor-column elementor-field-group-field_3be0d73 elementor-col-100 elementor-field-required elementor-mark-required\">\n\t\t\t\t\t<label for=\"form-field-field_3be0d73\" class=\"elementor-field-label\">Segmento da Empresa<\/label><input size=\"1\" type=\"text\" name=\"form_fields[field_3be0d73]\" id=\"form-field-field_3be0d73\" class=\"elementor-field elementor-size-sm  elementor-field-textual\" required=\"required\" aria-required=\"true\">\t\t\t\t<\/div>\n\t\t\t\t\t\t\t\t<div class=\"elementor-field-type-text elementor-field-group elementor-column elementor-field-group-field_123999e elementor-col-100 elementor-field-required elementor-mark-required\">\n\t\t\t\t\t<label for=\"form-field-field_123999e\" class=\"elementor-field-label\">Cargo na empresa<\/label><input size=\"1\" type=\"text\" name=\"form_fields[field_123999e]\" id=\"form-field-field_123999e\" class=\"elementor-field elementor-size-sm  elementor-field-textual\" required=\"required\" aria-required=\"true\">\t\t\t\t<\/div>\n\t\t\t\t\t\t\t\t<div class=\"elementor-field-type-text elementor-field-group elementor-column elementor-field-group-field_1e5ce3b elementor-col-100 elementor-field-required elementor-mark-required\">\n\t\t\t\t\t<label for=\"form-field-field_1e5ce3b\" class=\"elementor-field-label\">Departamento<\/label><input size=\"1\" type=\"text\" name=\"form_fields[field_1e5ce3b]\" id=\"form-field-field_1e5ce3b\" class=\"elementor-field elementor-size-sm  elementor-field-textual\" required=\"required\" aria-required=\"true\">\t\t\t\t<\/div>\n\t\t\t\t\t\t\t\t<div class=\"elementor-field-type-text elementor-field-group elementor-column elementor-field-group-field_87ef70f elementor-col-100\">\n\t\t\t\t\t<label for=\"form-field-field_87ef70f\" class=\"elementor-field-label\">N\u00b0 de Funcion\u00e1rios<\/label><input size=\"1\" type=\"text\" name=\"form_fields[field_87ef70f]\" id=\"form-field-field_87ef70f\" class=\"elementor-field elementor-size-sm  elementor-field-textual\">\t\t\t\t<\/div>\n\t\t\t\t\t\t\t\t<div class=\"elementor-field-type-textarea elementor-field-group elementor-column elementor-field-group-mensagem elementor-col-100\">\n\t\t\t\t\t<label for=\"form-field-mensagem\" class=\"elementor-field-label\">Mensagem<\/label><textarea class=\"elementor-field-textual elementor-field  elementor-size-sm\" name=\"form_fields[mensagem]\" id=\"form-field-mensagem\" rows=\"4\"><\/textarea>\t\t\t\t<\/div>\n\t\t\t\t\t\t\t\t<div class=\"elementor-field-group elementor-column elementor-field-type-submit elementor-col-100 e-form__buttons\">\n\t\t\t\t\t<button type=\"submit\" class=\"elementor-button elementor-size-sm\">\n\t\t\t\t\t\t<span >\n\t\t\t\t\t\t\t\t\t\t\t\t\t\t\t<span class=\" elementor-button-icon\">\n\t\t\t\t\t\t\t\t\t\t\t\t\t\t\t\t\t\t\t\t\t\t\t\t\t\t<\/span>\n\t\t\t\t\t\t\t\t\t\t\t\t\t\t\t\t\t\t\t\t\t\t<span class=\"elementor-button-text\">SOLICITAR CONTATO<\/span>\n\t\t\t\t\t\t\t\t\t\t\t\t\t<\/span>\n\t\t\t\t\t<\/button>\n\t\t\t\t<\/div>\n\t\t\t<\/div>\n\t\t<\/form>\n\t\t\t\t<\/div>\n\t\t\t\t<\/div>\n\t\t\t\t<div class=\"elementor-element elementor-element-d014bd5 elementor-widget elementor-widget-text-editor\" data-id=\"d014bd5\" data-element_type=\"widget\" data-settings=\"{&quot;ekit_we_effect_on&quot;:&quot;none&quot;}\" data-widget_type=\"text-editor.default\">\n\t\t\t\t<div class=\"elementor-widget-container\">\n\t\t\t\t\t\t\t<p>N\u00e3o compartilhamos seus dados com terceiros. Pra saber mais sobre como trataremos seus dados visite nossa Pol\u00edtica de Privacidade.<\/p>\t\t\t\t\t\t<\/div>\n\t\t\t\t<\/div>\n\t\t\t\t\t<\/div>\n\t\t<\/div>\n\t\t\t\t\t\t\t<\/div>\n\t\t<\/section>\n\t\t\t\t\t<\/div>\n\t\t<\/div>\n\t\t\t\t\t\t\t<\/div>\n\t\t<\/section>\n\t\t\t\t\t\t<\/div>\n\t\t\t\t\t<\/div>\n\t\t","protected":false},"excerpt":{"rendered":"<p>Entre em contato Nosso time de especialistas est\u00e1 a sua disposi\u00e7\u00e3o para esclarecer todas as suas d\u00favidas! Suporte Fale com o Nosso Time de Especialistas N\u00e3o compartilhamos seus dados com terceiros. Pra saber mais sobre como trataremos seus dados visite nossa Pol\u00edtica de Privacidade.<\/p>\n","protected":false},"author":3,"featured_media":0,"parent":0,"menu_order":0,"comment_status":"closed","ping_status":"closed","template":"","meta":{"footnotes":""},"class_list":["post-1462","page","type-page","status-publish","hentry"],"yoast_head":"<!-- This site is optimized with the Yoast SEO plugin v19.12 - https:\/\/yoast.com\/wordpress\/plugins\/seo\/ -->\n<title>Check Business - Contato Suporte<\/title>\n<meta name=\"description\" content=\"Fale com o nosso Time de Especialistas. Estamos Preparados para te Atender e Esclarecer Todas as suas D\u00favidas.\" \/>\n<meta name=\"robots\" content=\"index, follow, max-snippet:-1, max-image-preview:large, max-video-preview:-1\" \/>\n<link rel=\"canonical\" href=\"https:\/\/checkbusiness.com.br\/site\/suporte\/\" \/>\n<meta property=\"og:locale\" content=\"pt_BR\" \/>\n<meta property=\"og:type\" content=\"article\" \/>\n<meta property=\"og:title\" content=\"Check Business - Contato Suporte\" \/>\n<meta property=\"og:description\" content=\"Fale com o nosso Time de Especialistas. Estamos Preparados para te Atender e Esclarecer Todas as suas D\u00favidas.\" \/>\n<meta property=\"og:url\" content=\"https:\/\/checkbusiness.com.br\/site\/suporte\/\" \/>\n<meta property=\"og:site_name\" content=\"Check Business\" \/>\n<meta property=\"article:modified_time\" content=\"2022-12-16T13:43:28+00:00\" \/>\n<meta property=\"og:image\" content=\"https:\/\/checkbusiness.com.br\/site\/wp-content\/uploads\/2022\/07\/digital.png\" \/>\n<meta name=\"twitter:card\" content=\"summary_large_image\" \/>\n<meta name=\"twitter:label1\" content=\"Est. tempo de leitura\" \/>\n\t<meta name=\"twitter:data1\" content=\"1 minuto\" \/>\n<script type=\"application\/ld+json\" class=\"yoast-schema-graph\">{\"@context\":\"https:\/\/schema.org\",\"@graph\":[{\"@type\":\"WebPage\",\"@id\":\"https:\/\/checkbusiness.com.br\/site\/suporte\/\",\"url\":\"https:\/\/checkbusiness.com.br\/site\/suporte\/\",\"name\":\"Check Business - Contato Suporte\",\"isPartOf\":{\"@id\":\"https:\/\/checkbusiness.com.br\/site\/#website\"},\"datePublished\":\"2022-12-05T18:59:28+00:00\",\"dateModified\":\"2022-12-16T13:43:28+00:00\",\"description\":\"Fale com o nosso Time de Especialistas. Estamos Preparados para te Atender e Esclarecer Todas as suas D\u00favidas.\",\"breadcrumb\":{\"@id\":\"https:\/\/checkbusiness.com.br\/site\/suporte\/#breadcrumb\"},\"inLanguage\":\"pt-BR\",\"potentialAction\":[{\"@type\":\"ReadAction\",\"target\":[\"https:\/\/checkbusiness.com.br\/site\/suporte\/\"]}]},{\"@type\":\"BreadcrumbList\",\"@id\":\"https:\/\/checkbusiness.com.br\/site\/suporte\/#breadcrumb\",\"itemListElement\":[{\"@type\":\"ListItem\",\"position\":1,\"name\":\"Home\",\"item\":\"https:\/\/checkbusiness.com.br\/site\/\"},{\"@type\":\"ListItem\",\"position\":2,\"name\":\"Check Business &#8211; Contato Suporte\"}]},{\"@type\":\"WebSite\",\"@id\":\"https:\/\/checkbusiness.com.br\/site\/#website\",\"url\":\"https:\/\/checkbusiness.com.br\/site\/\",\"name\":\"Check Business\",\"description\":\"Transforme a efici\u00eancia operacional da sua empresa\",\"publisher\":{\"@id\":\"https:\/\/checkbusiness.com.br\/site\/#organization\"},\"potentialAction\":[{\"@type\":\"SearchAction\",\"target\":{\"@type\":\"EntryPoint\",\"urlTemplate\":\"https:\/\/checkbusiness.com.br\/site\/?s={search_term_string}\"},\"query-input\":\"required name=search_term_string\"}],\"inLanguage\":\"pt-BR\"},{\"@type\":\"Organization\",\"@id\":\"https:\/\/checkbusiness.com.br\/site\/#organization\",\"name\":\"Check Business\",\"url\":\"https:\/\/checkbusiness.com.br\/site\/\",\"logo\":{\"@type\":\"ImageObject\",\"inLanguage\":\"pt-BR\",\"@id\":\"https:\/\/checkbusiness.com.br\/site\/#\/schema\/logo\/image\/\",\"url\":\"https:\/\/checkbusiness.com.br\/site\/wp-content\/uploads\/2022\/07\/logo-checkbusiness1.png\",\"contentUrl\":\"https:\/\/checkbusiness.com.br\/site\/wp-content\/uploads\/2022\/07\/logo-checkbusiness1.png\",\"width\":215,\"height\":87,\"caption\":\"Check Business\"},\"image\":{\"@id\":\"https:\/\/checkbusiness.com.br\/site\/#\/schema\/logo\/image\/\"}}]}<\/script>\n<!-- \/ Yoast SEO plugin. -->","yoast_head_json":{"title":"Check Business - Contato Suporte","description":"Fale com o nosso Time de Especialistas. Estamos Preparados para te Atender e Esclarecer Todas as suas D\u00favidas.","robots":{"index":"index","follow":"follow","max-snippet":"max-snippet:-1","max-image-preview":"max-image-preview:large","max-video-preview":"max-video-preview:-1"},"canonical":"https:\/\/checkbusiness.com.br\/site\/suporte\/","og_locale":"pt_BR","og_type":"article","og_title":"Check Business - Contato Suporte","og_description":"Fale com o nosso Time de Especialistas. Estamos Preparados para te Atender e Esclarecer Todas as suas D\u00favidas.","og_url":"https:\/\/checkbusiness.com.br\/site\/suporte\/","og_site_name":"Check Business","article_modified_time":"2022-12-16T13:43:28+00:00","og_image":[{"url":"https:\/\/checkbusiness.com.br\/site\/wp-content\/uploads\/2022\/07\/digital.png"}],"twitter_card":"summary_large_image","twitter_misc":{"Est. tempo de leitura":"1 minuto"},"schema":{"@context":"https:\/\/schema.org","@graph":[{"@type":"WebPage","@id":"https:\/\/checkbusiness.com.br\/site\/suporte\/","url":"https:\/\/checkbusiness.com.br\/site\/suporte\/","name":"Check Business - Contato Suporte","isPartOf":{"@id":"https:\/\/checkbusiness.com.br\/site\/#website"},"datePublished":"2022-12-05T18:59:28+00:00","dateModified":"2022-12-16T13:43:28+00:00","description":"Fale com o nosso Time de Especialistas. Estamos Preparados para te Atender e Esclarecer Todas as suas D\u00favidas.","breadcrumb":{"@id":"https:\/\/checkbusiness.com.br\/site\/suporte\/#breadcrumb"},"inLanguage":"pt-BR","potentialAction":[{"@type":"ReadAction","target":["https:\/\/checkbusiness.com.br\/site\/suporte\/"]}]},{"@type":"BreadcrumbList","@id":"https:\/\/checkbusiness.com.br\/site\/suporte\/#breadcrumb","itemListElement":[{"@type":"ListItem","position":1,"name":"Home","item":"https:\/\/checkbusiness.com.br\/site\/"},{"@type":"ListItem","position":2,"name":"Check Business &#8211; Contato Suporte"}]},{"@type":"WebSite","@id":"https:\/\/checkbusiness.com.br\/site\/#website","url":"https:\/\/checkbusiness.com.br\/site\/","name":"Check Business","description":"Transforme a efici\u00eancia operacional da sua empresa","publisher":{"@id":"https:\/\/checkbusiness.com.br\/site\/#organization"},"potentialAction":[{"@type":"SearchAction","target":{"@type":"EntryPoint","urlTemplate":"https:\/\/checkbusiness.com.br\/site\/?s={search_term_string}"},"query-input":"required name=search_term_string"}],"inLanguage":"pt-BR"},{"@type":"Organization","@id":"https:\/\/checkbusiness.com.br\/site\/#organization","name":"Check Business","url":"https:\/\/checkbusiness.com.br\/site\/","logo":{"@type":"ImageObject","inLanguage":"pt-BR","@id":"https:\/\/checkbusiness.com.br\/site\/#\/schema\/logo\/image\/","url":"https:\/\/checkbusiness.com.br\/site\/wp-content\/uploads\/2022\/07\/logo-checkbusiness1.png","contentUrl":"https:\/\/checkbusiness.com.br\/site\/wp-content\/uploads\/2022\/07\/logo-checkbusiness1.png","width":215,"height":87,"caption":"Check Business"},"image":{"@id":"https:\/\/checkbusiness.com.br\/site\/#\/schema\/logo\/image\/"}}]}},"_links":{"self":[{"href":"https:\/\/checkbusiness.com.br\/site\/wp-json\/wp\/v2\/pages\/1462","targetHints":{"allow":["GET"]}}],"collection":[{"href":"https:\/\/checkbusiness.com.br\/site\/wp-json\/wp\/v2\/pages"}],"about":[{"href":"https:\/\/checkbusiness.com.br\/site\/wp-json\/wp\/v2\/types\/page"}],"author":[{"embeddable":true,"href":"https:\/\/checkbusiness.com.br\/site\/wp-json\/wp\/v2\/users\/3"}],"replies":[{"embeddable":true,"href":"https:\/\/checkbusiness.com.br\/site\/wp-json\/wp\/v2\/comments?post=1462"}],"version-history":[{"count":9,"href":"https:\/\/checkbusiness.com.br\/site\/wp-json\/wp\/v2\/pages\/1462\/revisions"}],"predecessor-version":[{"id":1705,"href":"https:\/\/checkbusiness.com.br\/site\/wp-json\/wp\/v2\/pages\/1462\/revisions\/1705"}],"wp:attachment":[{"href":"https:\/\/checkbusiness.com.br\/site\/wp-json\/wp\/v2\/media?parent=1462"}],"curies":[{"name":"wp","href":"https:\/\/api.w.org\/{rel}","templated":true}]}}